{"id":2,"date":"2025-01-17T12:14:29","date_gmt":"2025-01-17T11:14:29","guid":{"rendered":"http:\/\/scieriefrancois.com\/?page_id=2"},"modified":"2025-02-14T15:50:24","modified_gmt":"2025-02-14T14:50:24","slug":"page-d-exemple","status":"publish","type":"page","link":"https:\/\/scieriefrancois.com\/","title":{"rendered":"accueil"},"content":{"rendered":"\n<blockquote class=\"wp-block-quote is-layout-flow wp-block-quote-is-layout-flow\">\n<p><strong>L\u2019amour du bois au c\u0153ur de tous nos projets<\/strong><\/p>\n<\/blockquote>\n\n\n\n<p><\/p>\n\n\n\n<div class=\"wp-block-media-text is-stacked-on-mobile\"><figure class=\"wp-block-media-text__media\"><img loading=\"lazy\" decoding=\"async\" width=\"1024\" height=\"576\" src=\"https:\/\/scieriefrancois.com\/wp-content\/uploads\/2025\/01\/vue_air-1-1024x576.jpg\" alt=\"\" class=\"wp-image-69 size-full\" srcset=\"https:\/\/scieriefrancois.com\/wp-content\/uploads\/2025\/01\/vue_air-1-1024x576.jpg 1024w, https:\/\/scieriefrancois.com\/wp-content\/uploads\/2025\/01\/vue_air-1-300x169.jpg 300w, https:\/\/scieriefrancois.com\/wp-content\/uploads\/2025\/01\/vue_air-1-768x432.jpg 768w, https:\/\/scieriefrancois.com\/wp-content\/uploads\/2025\/01\/vue_air-1-1536x864.jpg 1536w, https:\/\/scieriefrancois.com\/wp-content\/uploads\/2025\/01\/vue_air-1-2048x1152.jpg 2048w, https:\/\/scieriefrancois.com\/wp-content\/uploads\/2025\/01\/vue_air-1-800x450.jpg 800w\" sizes=\"auto, (max-width: 1024px) 100vw, 1024px\" \/><\/figure><div class=\"wp-block-media-text__content\">\n<h2 class=\"wp-block-heading\">La scierie<\/h2>\n\n\n\n<p>Nous fabriquons toutes les sections pour la charpente, de la pi\u00e8ce au colis.<\/p>\n\n\n\n<p>Vous pouvez consulter notre <a href=\"https:\/\/scieriefrancois.com\/index.php\/produits\/\" data-type=\"page\" data-id=\"281\">page produits<\/a> pour plus de renseignements.<\/p>\n<\/div><\/div>\n\n\n\n<div class=\"wp-block-uagb-separator uagb-block-408d1f3a\"><div class=\"wp-block-uagb-separator__inner\" style=\"--my-background-image:\"><\/div><\/div>\n\n\n\n<div class=\"wp-block-uagb-container uagb-block-84eea0e4 alignfull uagb-is-root-container\"><div class=\"uagb-container-inner-blocks-wrap\">\n<div class=\"wp-block-uagb-container uagb-block-2f942bca\">\n<figure class=\"wp-block-image size-full\"><img loading=\"lazy\" decoding=\"async\" width=\"223\" height=\"127\" src=\"http:\/\/scieriefrancois.com\/wp-content\/uploads\/2025\/01\/charpente.png\" alt=\"\" class=\"wp-image-110\"\/><\/figure>\n<\/div>\n\n\n\n<div class=\"wp-block-uagb-container uagb-block-d44442b7\">\n<p>La Scierie Fran\u00e7ois est une entreprise sp\u00e9cialis\u00e9e dans la transformation du bois. Elle a \u00e9t\u00e9 fond\u00e9e <strong>il y a plus de 75 ans<\/strong>, et est aujourd\u2019hui une r\u00e9f\u00e9rence dans son domaine.<br>Avec notre savoir-faire et notre exp\u00e9rience, nous proposons une large gamme de produits en bois de qualit\u00e9 sup\u00e9rieure.<br>Gr\u00e2ce \u00e0 notre parc de machines modernes et performantes, nous r\u00e9pondons aux demandes les plus exigeantes de notre client\u00e8le, qui inclut des professionnels comme<br>des particuliers bricoleurs.<\/p>\n<\/div>\n\n\n\n<div class=\"wp-block-uagb-container uagb-block-f9a03c63\">\n<p>Soucieux de notre impact sur l\u2019environnement, nous nous engageons \u00e0 respecter les normes \u00e9cologiques en vigueur et \u00e0 utiliser des mat\u00e9riaux issus de for\u00eats g\u00e9r\u00e9es de mani\u00e8re responsable.<br>Notre savoir-faire, notre engagement \u00e9cologique et notre service client de qualit\u00e9 font de notre scierie un partenaire de choix pour tous les projets en bois.<\/p>\n<\/div>\n\n\n\n<div class=\"wp-block-uagb-container uagb-block-e3c900f6\">\n<figure class=\"wp-block-image size-full is-resized\"><img loading=\"lazy\" decoding=\"async\" width=\"417\" height=\"626\" src=\"https:\/\/scieriefrancois.com\/wp-content\/uploads\/2025\/01\/bulle.jpg\" alt=\"\" class=\"wp-image-113\" style=\"width:105px;height:auto\" srcset=\"https:\/\/scieriefrancois.com\/wp-content\/uploads\/2025\/01\/bulle.jpg 417w, https:\/\/scieriefrancois.com\/wp-content\/uploads\/2025\/01\/bulle-200x300.jpg 200w\" sizes=\"auto, (max-width: 417px) 100vw, 417px\" \/><\/figure>\n<\/div>\n<\/div><\/div>\n\n\n\n<p><\/p>\n","protected":false},"excerpt":{"rendered":"<p>L\u2019amour du bois au c\u0153ur de tous nos projets La scierie Nous fabriquons toutes les sections pour la charpente, de la pi\u00e8ce au colis. Vous pouvez consulter notre page produits pour plus de renseignements. La Scierie Fran\u00e7ois est une entreprise sp\u00e9cialis\u00e9e dans la transformation du bois. Elle a \u00e9t\u00e9 fond\u00e9e il y a plus de [&hellip;]<\/p>\n","protected":false},"author":1,"featured_media":0,"parent":0,"menu_order":0,"comment_status":"closed","ping_status":"closed","template":"","meta":{"_coblocks_attr":"","_coblocks_dimensions":"","_coblocks_responsive_height":"","_coblocks_accordion_ie_support":"","_uag_custom_page_level_css":"","ocean_post_layout":"","ocean_both_sidebars_style":"","ocean_both_sidebars_content_width":0,"ocean_both_sidebars_sidebars_width":0,"ocean_sidebar":"","ocean_second_sidebar":"","ocean_disable_margins":"enable","ocean_add_body_class":"","ocean_shortcode_before_top_bar":"","ocean_shortcode_after_top_bar":"","ocean_shortcode_before_header":"","ocean_shortcode_after_header":"","ocean_has_shortcode":"","ocean_shortcode_after_title":"","ocean_shortcode_before_footer_widgets":"","ocean_shortcode_after_footer_widgets":"","ocean_shortcode_before_footer_bottom":"","ocean_shortcode_after_footer_bottom":"","ocean_display_top_bar":"default","ocean_display_header":"default","ocean_header_style":"","ocean_center_header_left_menu":"","ocean_custom_header_template":"","ocean_custom_logo":0,"ocean_custom_retina_logo":0,"ocean_custom_logo_max_width":0,"ocean_custom_logo_tablet_max_width":0,"ocean_custom_logo_mobile_max_width":0,"ocean_custom_logo_max_height":0,"ocean_custom_logo_tablet_max_height":0,"ocean_custom_logo_mobile_max_height":0,"ocean_header_custom_menu":"","ocean_menu_typo_font_family":"","ocean_menu_typo_font_subset":"","ocean_menu_typo_font_size":0,"ocean_menu_typo_font_size_tablet":0,"ocean_menu_typo_font_size_mobile":0,"ocean_menu_typo_font_size_unit":"px","ocean_menu_typo_font_weight":"","ocean_menu_typo_font_weight_tablet":"","ocean_menu_typo_font_weight_mobile":"","ocean_menu_typo_transform":"","ocean_menu_typo_transform_tablet":"","ocean_menu_typo_transform_mobile":"","ocean_menu_typo_line_height":0,"ocean_menu_typo_line_height_tablet":0,"ocean_menu_typo_line_height_mobile":0,"ocean_menu_typo_line_height_unit":"","ocean_menu_typo_spacing":0,"ocean_menu_typo_spacing_tablet":0,"ocean_menu_typo_spacing_mobile":0,"ocean_menu_typo_spacing_unit":"","ocean_menu_link_color":"","ocean_menu_link_color_hover":"","ocean_menu_link_color_active":"","ocean_menu_link_background":"","ocean_menu_link_hover_background":"","ocean_menu_link_active_background":"","ocean_menu_social_links_bg":"","ocean_menu_social_hover_links_bg":"","ocean_menu_social_links_color":"","ocean_menu_social_hover_links_color":"","ocean_disable_title":"on","ocean_disable_heading":"default","ocean_post_title":"","ocean_post_subheading":"","ocean_post_title_style":"","ocean_post_title_background_color":"","ocean_post_title_background":0,"ocean_post_title_bg_image_position":"","ocean_post_title_bg_image_attachment":"","ocean_post_title_bg_image_repeat":"","ocean_post_title_bg_image_size":"","ocean_post_title_height":0,"ocean_post_title_bg_overlay":0.5,"ocean_post_title_bg_overlay_color":"","ocean_disable_breadcrumbs":"default","ocean_breadcrumbs_color":"","ocean_breadcrumbs_separator_color":"","ocean_breadcrumbs_links_color":"","ocean_breadcrumbs_links_hover_color":"","ocean_display_footer_widgets":"default","ocean_display_footer_bottom":"default","ocean_custom_footer_template":"","footnotes":""},"class_list":["post-2","page","type-page","status-publish","hentry","entry"],"uagb_featured_image_src":{"full":false,"thumbnail":false,"medium":false,"medium_large":false,"large":false,"1536x1536":false,"2048x2048":false,"ocean-thumb-m":false,"ocean-thumb-ml":false,"ocean-thumb-l":false},"uagb_author_info":{"display_name":"remifa","author_link":"https:\/\/scieriefrancois.com\/index.php\/author\/remifa\/"},"uagb_comment_info":0,"uagb_excerpt":"L\u2019amour du bois au c\u0153ur de tous nos projets La scierie Nous fabriquons toutes les sections pour la charpente, de la pi\u00e8ce au colis. Vous pouvez consulter notre page produits pour plus de renseignements. La Scierie Fran\u00e7ois est une entreprise sp\u00e9cialis\u00e9e dans la transformation du bois. Elle a \u00e9t\u00e9 fond\u00e9e il y a plus de\u2026","_links":{"self":[{"href":"https:\/\/scieriefrancois.com\/index.php\/wp-json\/wp\/v2\/pages\/2","targetHints":{"allow":["GET"]}}],"collection":[{"href":"https:\/\/scieriefrancois.com\/index.php\/wp-json\/wp\/v2\/pages"}],"about":[{"href":"https:\/\/scieriefrancois.com\/index.php\/wp-json\/wp\/v2\/types\/page"}],"author":[{"embeddable":true,"href":"https:\/\/scieriefrancois.com\/index.php\/wp-json\/wp\/v2\/users\/1"}],"replies":[{"embeddable":true,"href":"https:\/\/scieriefrancois.com\/index.php\/wp-json\/wp\/v2\/comments?post=2"}],"version-history":[{"count":19,"href":"https:\/\/scieriefrancois.com\/index.php\/wp-json\/wp\/v2\/pages\/2\/revisions"}],"predecessor-version":[{"id":373,"href":"https:\/\/scieriefrancois.com\/index.php\/wp-json\/wp\/v2\/pages\/2\/revisions\/373"}],"wp:attachment":[{"href":"https:\/\/scieriefrancois.com\/index.php\/wp-json\/wp\/v2\/media?parent=2"}],"curies":[{"name":"wp","href":"https:\/\/api.w.org\/{rel}","templated":true}]}}