{"id":281,"date":"2025-02-08T14:07:25","date_gmt":"2025-02-08T13:07:25","guid":{"rendered":"https:\/\/scieriefrancois.com\/?page_id=281"},"modified":"2025-02-14T15:55:24","modified_gmt":"2025-02-14T14:55:24","slug":"produits","status":"publish","type":"page","link":"https:\/\/scieriefrancois.com\/index.php\/produits\/","title":{"rendered":"Produits"},"content":{"rendered":"\n<p><\/p>\n\n\n\n<h1 class=\"wp-block-heading has-text-align-center has-x-large-font-size\">Produits<\/h1>\n\n\n\n<div class=\"wp-block-coblocks-features coblocks-features-18135540848\"><div class=\"wp-block-coblocks-features__inner has-columns has-2-columns has-responsive-columns has-center-content has-medium-gutter\">\n<div class=\"wp-block-coblocks-feature coblocks-feature-1813554124\"><div class=\"wp-block-coblocks-feature__inner has-no-padding\"><div class=\"wp-block-coblocks-icon is-style-outlined\">\n\t\t\t\t<div class=\"wp-block-coblocks-icon__inner has-text-color has-vivid-cyan-blue-color\" style=\"height: 60px; width: 60px;\">\n\t\t\t\t\t<svg fill=\"none\" viewBox=\"0 0 20 20\" xmlns=\"http:\/\/www.w3.org\/2000\/svg\"><path d=\"m16.2866269 2.68018331 1.0220802 1.02208026-2.9884738 2.98847383-1.0220803-1.02208027zm.0111095-2.67740592c-.2888487 0-.5665879.11109568-.7887793.32217748l-3.4661853 3.46618525-2.14414661-2.12192751-1.5664491 1.5664491 1.57755867 1.57755868-9.90973476 9.90973471v5.2770449h5.27704485l9.90973475-9.9097348 1.5775587 1.5775587 1.5664491-1.5664491-2.1330371-2.13303707 3.4661853-3.46618525c.4443827-.44438273.4443827-1.14428552.0111095-1.57755867l-2.5996389-2.59963894c-.2221914-.2110818-.4999306-.32217748-.7776698-.32217748zm-11.9427857 17.77530901-2.13303708-2.1330371 8.95431188-8.9543119 2.1330371 2.13303708z\" fill=\"currentColor\" \/><\/svg>\n\t\t\t\t<\/div>\n\t\t\t<\/div>\n\n\n<h4 class=\"wp-block-heading\">Traitements<\/h4>\n\n\n\n<p class=\"has-text-align-left\">Nous r\u00e9alisons tous les traitements pr\u00e9ventifs du bois.<br>Classe 2: Traitement par trempage dans un bain sur notre site.  Adapt\u00e9 pour traiter tout type de charpente.<br>Classe 3 et 4: Traitement en tunnel autoclave chez GEOS LORRAINE.  Adapt\u00e9 pour prot\u00e9ger les bois en ext\u00e9rieur (bardage, terrasse ). <br>Nous pouvons colorer le traitement en marron.<br>Traitement par autoclave<strong> classe 3<\/strong> pour le sapin et le douglas. <br>Traitement par autoclave <strong>classe 4<\/strong> pour le pin, couleur : vert ou marron<\/p>\n\n\n<div class=\"wp-block-image is-style-default\">\n<figure class=\"aligncenter size-full is-resized\"><img loading=\"lazy\" decoding=\"async\" width=\"760\" height=\"570\" src=\"https:\/\/scieriefrancois.com\/wp-content\/uploads\/2025\/02\/autoclave.jpg\" alt=\"\" class=\"wp-image-288\" style=\"width:280px;height:auto\" srcset=\"https:\/\/scieriefrancois.com\/wp-content\/uploads\/2025\/02\/autoclave.jpg 760w, https:\/\/scieriefrancois.com\/wp-content\/uploads\/2025\/02\/autoclave-300x225.jpg 300w\" sizes=\"auto, (max-width: 760px) 100vw, 760px\" \/><\/figure>\n<\/div>\n\n<div class=\"wp-block-image\">\n<figure class=\"aligncenter size-full is-resized has-lightbox\"><a href=\"https:\/\/scieriefrancois.com\/wp-content\/uploads\/2025\/02\/Fiche_traitement-1.pdf\" target=\"_blank\" rel=\" noreferrer noopener\"><img loading=\"lazy\" decoding=\"async\" width=\"225\" height=\"225\" src=\"http:\/\/scieriefrancois.com\/wp-content\/uploads\/2025\/02\/pdf1.jpg\" alt=\"\" class=\"wp-image-211\" style=\"width:74px;height:auto\" srcset=\"https:\/\/scieriefrancois.com\/wp-content\/uploads\/2025\/02\/pdf1.jpg 225w, https:\/\/scieriefrancois.com\/wp-content\/uploads\/2025\/02\/pdf1-150x150.jpg 150w\" sizes=\"auto, (max-width: 225px) 100vw, 225px\" \/><\/a><\/figure>\n<\/div>\n\n\n<p><strong><a href=\"https:\/\/scieriefrancois.com\/wp-content\/uploads\/2025\/02\/Fiche_traitement-1.pdf\" target=\"_blank\" rel=\"noreferrer noopener\">Fiche traitement<\/a><\/strong><\/p>\n<\/div><\/div>\n\n\n\n<div class=\"wp-block-coblocks-feature coblocks-feature-1813554125\"><div class=\"wp-block-coblocks-feature__inner has-no-padding\"><div class=\"wp-block-coblocks-icon\">\n\t\t\t\t<div class=\"wp-block-coblocks-icon__inner has-text-color has-luminous-vivid-orange-color\" style=\"height: 60px; width: 60px;\">\n\t\t\t\t\t<a href=\"https:\/\/issuu.com\/fibrepremium\/docs\/francois_web\" rel=\"noreferrer noopener\" target=\"_blank\" style=\"\"><svg fill=\"none\" xmlns=\"http:\/\/www.w3.org\/2000\/svg\" viewBox=\"0 0 24 24\"><g fill=\"currentColor\"><path d=\"M21,5c-1.11-0.35-2.33-0.5-3.5-0.5c-1.95,0-4.05,0.4-5.5,1.5c-1.45-1.1-3.55-1.5-5.5-1.5S2.45,4.9,1,6v14.65 c0,0.25,0.25,0.5,0.5,0.5c0.1,0,0.15-0.05,0.25-0.05C3.1,20.45,5.05,20,6.5,20c1.95,0,4.05,0.4,5.5,1.5c1.35-0.85,3.8-1.5,5.5-1.5 c1.65,0,3.35,0.3,4.75,1.05c0.1,0.05,0.15,0.05,0.25,0.05c0.25,0,0.5-0.25,0.5-0.5V6C22.4,5.55,21.75,5.25,21,5z M21,18.5 c-1.1-0.35-2.3-0.5-3.5-0.5c-1.7,0-4.15,0.65-5.5,1.5V8c1.35-0.85,3.8-1.5,5.5-1.5c1.2,0,2.4,0.15,3.5,0.5V18.5z\" \/><path d=\"M17.5,10.5c0.88,0,1.73,0.09,2.5,0.26V9.24C19.21,9.09,18.36,9,17.5,9c-1.7,0-3.24,0.29-4.5,0.83v1.66 C14.13,10.85,15.7,10.5,17.5,10.5z\" \/><path d=\"M13,12.49v1.66c1.13-0.64,2.7-0.99,4.5-0.99c0.88,0,1.73,0.09,2.5,0.26V11.9c-0.79-0.15-1.64-0.24-2.5-0.24 C15.8,11.66,14.26,11.96,13,12.49z\" \/><path d=\"M17.5,14.33c-1.7,0-3.24,0.29-4.5,0.83v1.66c1.13-0.64,2.7-0.99,4.5-0.99c0.88,0,1.73,0.09,2.5,0.26v-1.52 C19.21,14.41,18.36,14.33,17.5,14.33z\" \/><\/g><\/svg><\/a>\n\t\t\t\t<\/div>\n\t\t\t<\/div>\n\n\n<h4 class=\"wp-block-heading\"><a href=\"https:\/\/issuu.com\/fibrepremium\/docs\/francois_web\" target=\"_blank\" rel=\"noreferrer noopener\">Catalogue<\/a><\/h4>\n\n\n\n<p class=\"has-text-align-left is-style-default\">Consultez notre catalogue complet pour trouver le produit qu&rsquo;il vous faut. Nos sciages de charpente sont class\u00e9s selon la norme NF B 52-001-1 BOIS DE STRUCTURE.<br>Ils portent la certification CE Classement:<br> * <strong>C18<\/strong> : Charpente traditionnelle<br> * <strong>C24 <\/strong>: Charpente industrielle et lamell\u00e9-coll\u00e9<br> * <strong>C30 <\/strong>: Charpente lamell\u00e9-coll\u00e9 \u00e0 haute performance<br>Nous r\u00e9alisons tous les d\u00e9bits sur liste comme en colis standard. Sections de 9&#215;27 \u00e0 300x300mm Longueur maxi 9 ml<br><\/p>\n\n\n<div class=\"wp-block-image is-style-default\">\n<figure class=\"aligncenter size-full is-resized\"><img loading=\"lazy\" decoding=\"async\" width=\"223\" height=\"127\" src=\"https:\/\/scieriefrancois.com\/wp-content\/uploads\/2025\/02\/charpente.png\" alt=\"\" class=\"wp-image-287\" style=\"width:320px;height:auto\"\/><\/figure>\n<\/div>\n\n<div class=\"wp-block-image\">\n<figure class=\"aligncenter size-full is-resized has-lightbox\"><a href=\"https:\/\/issuu.com\/fibrepremium\/docs\/francois_web\" target=\"_blank\" rel=\" noreferrer noopener\"><img loading=\"lazy\" decoding=\"async\" width=\"256\" height=\"256\" src=\"https:\/\/scieriefrancois.com\/wp-content\/uploads\/2025\/02\/loupe.png\" alt=\"\" class=\"wp-image-306\" style=\"width:71px;height:auto\" srcset=\"https:\/\/scieriefrancois.com\/wp-content\/uploads\/2025\/02\/loupe.png 256w, https:\/\/scieriefrancois.com\/wp-content\/uploads\/2025\/02\/loupe-150x150.png 150w\" sizes=\"auto, (max-width: 256px) 100vw, 256px\" \/><\/a><\/figure>\n<\/div>\n\n\n<p><a href=\"https:\/\/issuu.com\/fibrepremium\/docs\/francois_web\" target=\"_blank\" rel=\"noreferrer noopener\"><strong>Consulter notre catalogue<\/strong><\/a><\/p>\n<\/div><\/div>\n<\/div><\/div>\n\n\n\n<div class=\"wp-block-coblocks-features coblocks-features-18141538702\"><div class=\"wp-block-coblocks-features__inner has-columns has-2-columns has-responsive-columns has-margin has-medium-margin has-center-content has-medium-gutter\">\n<div class=\"wp-block-coblocks-feature coblocks-feature-18141538796\"><div class=\"wp-block-coblocks-feature__inner has-no-padding\"><div class=\"wp-block-coblocks-icon\">\n\t\t\t\t<div class=\"wp-block-coblocks-icon__inner has-text-color has-vivid-purple-color\" style=\"height: 60px; width: 60px;\">\n\t\t\t\t\t<svg fill=\"none\" viewBox=\"0 0 20 20\" xmlns=\"http:\/\/www.w3.org\/2000\/svg\"><path d=\"m8.91322329.78180339s.69401426 2.48532134.69401426 4.50171413c0 1.93198565-1.2661071 3.49820703-3.19809275 3.49820703-1.94136422 0-3.40442131-1.56622138-3.40442131-3.49820703l.02813571-.33762856c-1.89447137 2.25085707-3.02927847 5.16759264-3.02927847 8.33754974 0 4.1453284 3.35752846 7.5028569 7.50285689 7.5028569 4.14532848 0 7.50285688-3.3575285 7.50285688-7.5028569 0-5.05504985-2.4290499-9.56614256-6.09607121-12.50163531zm-1.67876423 17.19092081c-1.66938566 0-3.0198999-1.3129999-3.0198999-2.9448713 0-1.5193285.98474997-2.5884856 2.63537848-2.9261142 1.66000709-.3376285 3.37628556-1.1348071 4.33289986-2.41967133.3657643 1.20983563.5533357 2.48532133.5533357 3.78894273 0 2.4853213-2.0163928 4.5017141-4.50171414 4.5017141z\" transform=\"translate(2.553223 -.786621)\" fill=\"currentColor\" \/><\/svg>\n\t\t\t\t<\/div>\n\t\t\t<\/div>\n\n\n<h4 class=\"wp-block-heading\">S\u00e9chage<\/h4>\n\n\n\n<p>Nos bois, une fois s\u00e9ch\u00e9s, apportent une r\u00e9ponse aux exigences de plus en plus draconiennes des normes du march\u00e9.<br>Les humidit\u00e9s limites pour les bois mis en \u0153uvre :<br><br>DTU 31.1 Charpente en bois (H% = 22%)<br>DTU 31.2 Maison \u00e0 ossature en bois (H% = 18%)<br>EN 14 250 Charpente industrielle (H% = 22%)<br>NF D 61-010 Si\u00e8ge (H% = 12%)<\/p>\n\n\n\n<p><\/p>\n\n\n\n<figure class=\"wp-block-image size-full\"><img loading=\"lazy\" decoding=\"async\" width=\"300\" height=\"200\" src=\"https:\/\/scieriefrancois.com\/wp-content\/uploads\/2025\/02\/logo.jpg\" alt=\"\" class=\"wp-image-303\"\/><\/figure>\n\n\n\n<p><\/p>\n\n\n\n<p><\/p>\n\n\n\n<p>.<\/p>\n\n\n\n<p>.<\/p>\n\n\n\n<p>.<\/p>\n\n\n\n<p>.<\/p>\n\n\n\n<p><\/p>\n<\/div><\/div>\n\n\n\n<div class=\"wp-block-coblocks-feature coblocks-feature-18141538797\"><div class=\"wp-block-coblocks-feature__inner has-padding has-medium-padding\"><div class=\"wp-block-coblocks-icon\">\n\t\t\t\t<div class=\"wp-block-coblocks-icon__inner has-text-color has-light-green-cyan-color\" style=\"height: 60px; width: 60px;\">\n\t\t\t\t\t<svg fill=\"none\" viewBox=\"0 0 24 24\" xmlns=\"http:\/\/www.w3.org\/2000\/svg\"><g stroke=\"currentColor\" stroke-width=\"1.5\" fill=\"none\"><rect height=\"16.5\" rx=\"1.53571\" width=\"16.5\" x=\"3.75\" y=\"3.75\"\/><path d=\"m15.2225 13.2414c0 1.7797-1.4428 3.2225-3.2225 3.2225-1.7798 0-3.22253-1.4428-3.22253-3.2225 0-.3585.17475-.9012.53447-1.5851.34749-.6606.81936-1.3646 1.30426-2.01861.4828-.65129.9674-1.23811 1.3321-1.66292.0175-.02039.0347-.0404.0517-.06001.0169.01961.0341.03962.0516.06001.3647.42481.8493 1.01163 1.3321 1.66292.4849.65401.9568 1.35801 1.3043 2.01861.3597.6839.5345 1.2266.5345 1.5851z\"\/><\/g><\/svg>\n\n\t\t\t\t<\/div>\n\t\t\t<\/div>\n\n\n<h4 class=\"wp-block-heading\">Lames terrasse<\/h4>\n\n\n\n<p>Usage ext\u00e9rieur Section courante 27 x 145mm, Longueur courante 3.90m ou 4m, finition rabot\u00e9e avec profil antid\u00e9rapant<br>Autres sections et longueur sur demande<br>Essences:<br>Douglas selon disponibilit\u00e9<br>Pin<br>Traitement par autoclave classe 3 pour Douglas. Traitement par autoclave classe 4 pour le pin<br>Couleur : vert ou marron<\/p>\n\n\n<div class=\"wp-block-image\">\n<figure class=\"aligncenter size-full is-resized\"><img loading=\"lazy\" decoding=\"async\" width=\"188\" height=\"125\" src=\"https:\/\/scieriefrancois.com\/wp-content\/uploads\/2025\/02\/lame_terrasse.png\" alt=\"\" class=\"wp-image-302\" style=\"width:278px;height:auto\"\/><\/figure>\n<\/div>\n\n<div class=\"wp-block-image\">\n<figure class=\"aligncenter size-full is-resized has-lightbox\"><a href=\"https:\/\/scieriefrancois.com\/wp-content\/uploads\/2025\/02\/Fiche_terrasse-1.pdf\" target=\"_blank\" rel=\" noreferrer noopener\"><img loading=\"lazy\" decoding=\"async\" width=\"225\" height=\"225\" src=\"http:\/\/scieriefrancois.com\/wp-content\/uploads\/2025\/02\/pdf1.jpg\" alt=\"\" class=\"wp-image-211\" style=\"width:43px;height:auto\" srcset=\"https:\/\/scieriefrancois.com\/wp-content\/uploads\/2025\/02\/pdf1.jpg 225w, https:\/\/scieriefrancois.com\/wp-content\/uploads\/2025\/02\/pdf1-150x150.jpg 150w\" sizes=\"auto, (max-width: 225px) 100vw, 225px\" \/><\/a><\/figure>\n<\/div>\n\n\n<p><a href=\"https:\/\/scieriefrancois.com\/wp-content\/uploads\/2025\/02\/Fiche_terrasse-1.pdf\" data-type=\"attachment\" data-id=\"279\" target=\"_blank\" rel=\"noreferrer noopener\"><strong>Fiche terrasse<\/strong><\/a><\/p>\n\n\n<div class=\"wp-block-image\">\n<figure class=\"aligncenter size-full is-resized has-lightbox\"><a href=\"https:\/\/scieriefrancois.com\/wp-content\/uploads\/2025\/02\/Conseils_pose_terrasse-1.pdf\" target=\"_blank\" rel=\" noreferrer noopener\"><img loading=\"lazy\" decoding=\"async\" width=\"225\" height=\"225\" src=\"http:\/\/scieriefrancois.com\/wp-content\/uploads\/2025\/02\/pdf1.jpg\" alt=\"\" class=\"wp-image-211\" style=\"width:43px;height:auto\" srcset=\"https:\/\/scieriefrancois.com\/wp-content\/uploads\/2025\/02\/pdf1.jpg 225w, https:\/\/scieriefrancois.com\/wp-content\/uploads\/2025\/02\/pdf1-150x150.jpg 150w\" sizes=\"auto, (max-width: 225px) 100vw, 225px\" \/><\/a><\/figure>\n<\/div>\n\n\n<p><a href=\"https:\/\/scieriefrancois.com\/wp-content\/uploads\/2025\/02\/Conseils_pose_terrasse-1.pdf\" data-type=\"attachment\" data-id=\"273\" target=\"_blank\" rel=\"noreferrer noopener\"><strong>Conseil de pose<\/strong><\/a><\/p>\n<\/div><\/div>\n<\/div><\/div>\n\n\n\n<div class=\"wp-block-coblocks-features coblocks-features-113102329574\"><div class=\"wp-block-coblocks-features__inner has-columns has-2-columns has-responsive-columns has-center-content has-medium-gutter\">\n<div class=\"wp-block-coblocks-feature coblocks-feature-113102329607\"><div class=\"wp-block-coblocks-feature__inner has-no-padding\"><div class=\"wp-block-coblocks-icon\">\n\t\t\t\t<div class=\"wp-block-coblocks-icon__inner has-text-color has-vivid-green-cyan-color\" style=\"height: 60px; width: 60px;\">\n\t\t\t\t\t<svg viewBox=\"0 0 24 24\" xmlns=\"http:\/\/www.w3.org\/2000\/svg\"><path d=\"m7.34133533 6.23855964v-1.98499625c-2.17404351.03150788-4.03300825 1.38634659-4.85221305 3.27681921-.31507877.72468117-.44111028 1.51237809-.4096024 2.33158289.06301575 1.13428361.47261815 2.20555141 1.16579145 3.05626411.37809452.4411102.28357089 1.1027757-.18904726 1.4493623-.44111028.3150788-1.07126782.2205551-1.41785447-.1890473-.85071268-1.0397599-1.38634658-2.3315829-1.54388597-3.7179294-.12603151-1.00825211-.03150788-2.01650417.25206302-2.9302326.88222055-3.02475619 3.6864216-5.26181546 6.99474868-5.29332334v-1.98499624c0-.09452363.12603151-.15753939.22055514-.09452363l4.09602403 2.99324831c.0630157.06301575.0630157.15753938 0 .18904726l-4.09602403 2.99324831c-.09452363.06301575-.22055514 0-.22055514-.09452363zm.22055514 13.17029256c.09452363.0630158.22055514 0 .22055514-.0945236v-1.9849963c3.30832709-.0315078 6.11252809-2.2685671 6.99474869-5.2933233.252063-.9137284.3780945-1.8904726.252063-2.93023256-.1575394-1.38634658-.7246812-2.67816954-1.543886-3.71792948-.3465866-.44111028-.9767441-.53563391-1.4178544-.18904726-.4726182.34658665-.5671418 1.00825206-.1890473 1.44936234.6931733.85071268 1.1027757 1.89047262 1.1657915 3.05626407.0315078.81920479-.1260315 1.63840959-.4096024 2.33158289-.787697 1.8904726-2.6466617 3.2453113-4.85221309 3.2768192v-1.9849962c0-.0945237-.12603151-.1575394-.22055514-.0945237l-4.096024 2.9932483c-.06301576.0630158-.06301576.1575394 0 .1890473z\" transform=\"translate(4 2)\" \/><\/svg>\n\n\t\t\t\t<\/div>\n\t\t\t<\/div>\n\n\n<h4 class=\"wp-block-heading\">\u00c9corces, Plaquettes et Sciure<\/h4>\n\n\n\n<p><strong>La sciure<\/strong> peut \u00eatre utilis\u00e9e comme absorbant dans le monde agricole ou comme liti\u00e8re.<br><br>L&rsquo;\u00e9corces : Enveloppe du bois en morceaux. Id\u00e9al pour pailler les parterres de fleurs.<br>Esth\u00e9tique et conservation de l&rsquo;humidit\u00e9.<br>Enrichit la terre.<\/p>\n\n\n<div class=\"wp-block-image is-style-top-wave\">\n<figure class=\"aligncenter size-full is-resized\"><img loading=\"lazy\" decoding=\"async\" width=\"100\" height=\"99\" src=\"https:\/\/scieriefrancois.com\/wp-content\/uploads\/2025\/02\/ecorces.png\" alt=\"\" class=\"wp-image-329\" style=\"width:170px;height:auto\"\/><\/figure>\n<\/div>\n\n<div class=\"wp-block-image\">\n<figure class=\"aligncenter size-full is-resized has-lightbox\"><a href=\"https:\/\/scieriefrancois.com\/wp-content\/uploads\/2025\/02\/Fiche_Co-produits-1.pdf\" target=\"_blank\" rel=\" noreferrer noopener\"><img loading=\"lazy\" decoding=\"async\" width=\"225\" height=\"225\" src=\"http:\/\/scieriefrancois.com\/wp-content\/uploads\/2025\/02\/pdf1.jpg\" alt=\"\" class=\"wp-image-211\" style=\"width:43px;height:auto\" srcset=\"https:\/\/scieriefrancois.com\/wp-content\/uploads\/2025\/02\/pdf1.jpg 225w, https:\/\/scieriefrancois.com\/wp-content\/uploads\/2025\/02\/pdf1-150x150.jpg 150w\" sizes=\"auto, (max-width: 225px) 100vw, 225px\" \/><\/a><\/figure>\n<\/div>\n\n\n<p><a href=\"http:\/\/Modifier la page Ic\u00f4ne du site Modifier le type ou le style du bloc D\u00e9placer le bloc Image de la position 5 vers la position 4 D\u00e9placer le bloc Image de la position 5 vers la position 6 Modifier l\u2019alignement Produits \ufeff Produits Traitements  Nous r\u00e9alisons tous les traitements pr\u00e9ventifs du bois. Classe 2: Traitement par trempage dans un bain sur notre site. Adapt\u00e9 pour traiter tout type de charpente. Classe 3 et 4: Traitement en tunnel autoclave chez GEOS LORRAINE.  Adapt\u00e9 pour prot\u00e9ger les bois en ext\u00e9rieur (bardage, terrasse ).  Nous pouvons colorer le traitement en marron. Traitement par autoclave classe 3 pour le sapin et le douglas.  Traitement par autoclave classe 4 pour le pin, couleur : vert ou marron L\u2019attribut alt de cette image est vide, son nom de fichier est autoclave.jpg. L\u2019attribut alt de cette image est vide, son nom de fichier est pdf1.jpg.  Fiche traitement Catalogue  Consultez notre catalogue complet pour trouver le produit qu'il vous faut. Nos sciages de charpente sont class\u00e9s selon la norme NF B 52-001-1 BOIS DE STRUCTURE. Ils portent la certification CE Classement:  * C18 : Charpente traditionnelle  * C24 : Charpente industrielle et lamell\u00e9-coll\u00e9  * C30 : Charpente lamell\u00e9-coll\u00e9 \u00e0 haute performance Nous r\u00e9alisons tous les d\u00e9bits sur liste comme en colis standard. Sections de 9x27 \u00e0 300x300mm Longueur maxi 9 ml L\u2019attribut alt de cette image est vide, son nom de fichier est charpente.png. L\u2019attribut alt de cette image est vide, son nom de fichier est loupe.png.  Consulter notre catalogue S\u00e9chage  Nos bois, une fois s\u00e9ch\u00e9s, apportent une r\u00e9ponse aux exigences de plus en plus draconiennes des normes du march\u00e9. Les humidit\u00e9s limites pour les bois mis en \u0153uvre :  DTU 31.1 Charpente en bois (H% = 22%) DTU 31.2 Maison \u00e0 ossature en bois (H% = 18%) EN 14 250 Charpente industrielle (H% = 22%) NF D 61-010 Si\u00e8ge (H% = 12%)  \ufeff L\u2019attribut alt de cette image est vide, son nom de fichier est logo.jpg.  \ufeff \ufeff  .  .  .  .  \ufeff Lames terrasse  Usage ext\u00e9rieur Section courante 27 x 145mm, Longueur courante 3.90m ou 4m, finition rabot\u00e9e avec profil antid\u00e9rapant Autres sections et longueur sur demande Essences: Douglas selon disponibilit\u00e9 Pin Traitement par autoclave classe 3 pour Douglas. Traitement par autoclave classe 4 pour le pin Couleur : vert ou marron L\u2019attribut alt de cette image est vide, son nom de fichier est lame_terrasse.png. L\u2019attribut alt de cette image est vide, son nom de fichier est pdf1.jpg.  Fiche terrasse L\u2019attribut alt de cette image est vide, son nom de fichier est pdf1.jpg.  Conseil de pose \u00c9corces, Plaquettes et Sciure  La sciure peut \u00eatre utilis\u00e9e comme absorbant dans le monde agricole ou comme liti\u00e8re.  L'\u00e9corces : Enveloppe du bois en morceaux. Id\u00e9al pour pailler les parterres de fleurs. Esth\u00e9tique et conservation de l'humidit\u00e9. Enrichit la terre. L\u2019attribut alt de cette image est vide, son nom de fichier est ecorces.png. L\u2019attribut alt de cette image est vide, son nom de fichier est pdf1.jpg.  Fiche Coproduits Sciure, Plaquettes et \u00e9corces Plaquettes  This is a feature block that you can use to highlight features.  \ufeff Image Ins\u00e8re une image pour illustrer vos propos. R\u00e9glages Texte alternatif  D\u00e9crivez la fonction de l\u2019image.\u2197 Laissez vide si l\u2019image est d\u00e9corative Proportion de taille Largeur px Hauteur px R\u00e9solution  S\u00e9lectionnez la taille de l\u2019image source. Lightbox  Image lightbox is enabled. Attributs Toutes les options sont actuellement cach\u00e9es      Image  Notifications Page mise \u00e0 jour. scieriefrancois.com\/wp-content\/uploads\/2025\/02\/Fiche_Co-produits-1.pdf\u2197\" target=\"_blank\" rel=\"noreferrer noopener\"><strong>Fiche Coproduits Sciure, Plaquettes et \u00e9corces<\/strong><\/a><\/p>\n<\/div><\/div>\n\n\n\n<div class=\"wp-block-coblocks-feature coblocks-feature-113102329608\"><div class=\"wp-block-coblocks-feature__inner has-no-padding\"><div class=\"wp-block-coblocks-icon\">\n\t\t\t\t<div class=\"wp-block-coblocks-icon__inner has-text-color has-black-color\" style=\"height: 60px; width: 60px;\">\n\t\t\t\t\t<svg fill=\"none\" viewBox=\"0 0 24 24\" xmlns=\"http:\/\/www.w3.org\/2000\/svg\"><g fill=\"currentColor\"><path d=\"m6 14h12v-1.5h-12z\"\/><path d=\"m4 18h16v-1.5h-16z\"\/><path d=\"m6 22h12v-1.5h-12z\"\/><\/g><path d=\"m10.389 3.26543 3.2192-.00042c.0835-.00006.1661.01633.2432.04823s.1472.07869.2062.13769c.059.05899.1057.12904.1376.20614.0319.07709.0483.15973.0483.24317l.0017 3.85454-2.2452 2.24522-2.24463-2.24463.0005-3.85679c.00052-.16774.0674-.32849.18603-.44712.1186-.11863.2794-.18551.4471-.18603z\" stroke=\"currentColor\" stroke-linecap=\"round\" stroke-linejoin=\"round\" stroke-width=\"1.5\" fill=\"none\"\/><\/svg>\n\n\t\t\t\t<\/div>\n\t\t\t<\/div>\n\n\n<h4 class=\"wp-block-heading has-black-color has-text-color has-link-color wp-elements-2ec39e0f4c28bfd9fce5fa0a1753da6e\">Plaquettes<\/h4>\n\n\n\n<p class=\"has-black-color has-text-color has-link-color wp-elements-60620dde977b0d75ce8ee7888f771c3c\">This is a feature block that you can use to highlight features.<\/p>\n<\/div><\/div>\n<\/div><\/div>\n\n\n\n<p><\/p>\n","protected":false},"excerpt":{"rendered":"<p>Produits<\/p>\n","protected":false},"author":1,"featured_media":0,"parent":0,"menu_order":0,"comment_status":"closed","ping_status":"closed","template":"","meta":{"_coblocks_attr":"","_coblocks_dimensions":"","_coblocks_responsive_height":"","_coblocks_accordion_ie_support":"","_uag_custom_page_level_css":"","ocean_post_layout":"","ocean_both_sidebars_style":"","ocean_both_sidebars_content_width":0,"ocean_both_sidebars_sidebars_width":0,"ocean_sidebar":"","ocean_second_sidebar":"","ocean_disable_margins":"enable","ocean_add_body_class":"","ocean_shortcode_before_top_bar":"","ocean_shortcode_after_top_bar":"","ocean_shortcode_before_header":"","ocean_shortcode_after_header":"","ocean_has_shortcode":"","ocean_shortcode_after_title":"","ocean_shortcode_before_footer_widgets":"","ocean_shortcode_after_footer_widgets":"","ocean_shortcode_before_footer_bottom":"","ocean_shortcode_after_footer_bottom":"","ocean_display_top_bar":"default","ocean_display_header":"default","ocean_header_style":"","ocean_center_header_left_menu":"","ocean_custom_header_template":"","ocean_custom_logo":0,"ocean_custom_retina_logo":0,"ocean_custom_logo_max_width":0,"ocean_custom_logo_tablet_max_width":0,"ocean_custom_logo_mobile_max_width":0,"ocean_custom_logo_max_height":0,"ocean_custom_logo_tablet_max_height":0,"ocean_custom_logo_mobile_max_height":0,"ocean_header_custom_menu":"","ocean_menu_typo_font_family":"","ocean_menu_typo_font_subset":"","ocean_menu_typo_font_size":0,"ocean_menu_typo_font_size_tablet":0,"ocean_menu_typo_font_size_mobile":0,"ocean_menu_typo_font_size_unit":"px","ocean_menu_typo_font_weight":"","ocean_menu_typo_font_weight_tablet":"","ocean_menu_typo_font_weight_mobile":"","ocean_menu_typo_transform":"","ocean_menu_typo_transform_tablet":"","ocean_menu_typo_transform_mobile":"","ocean_menu_typo_line_height":0,"ocean_menu_typo_line_height_tablet":0,"ocean_menu_typo_line_height_mobile":0,"ocean_menu_typo_line_height_unit":"","ocean_menu_typo_spacing":0,"ocean_menu_typo_spacing_tablet":0,"ocean_menu_typo_spacing_mobile":0,"ocean_menu_typo_spacing_unit":"","ocean_menu_link_color":"","ocean_menu_link_color_hover":"","ocean_menu_link_color_active":"","ocean_menu_link_background":"","ocean_menu_link_hover_background":"","ocean_menu_link_active_background":"","ocean_menu_social_links_bg":"","ocean_menu_social_hover_links_bg":"","ocean_menu_social_links_color":"","ocean_menu_social_hover_links_color":"","ocean_disable_title":"default","ocean_disable_heading":"default","ocean_post_title":"","ocean_post_subheading":"","ocean_post_title_style":"","ocean_post_title_background_color":"","ocean_post_title_background":0,"ocean_post_title_bg_image_position":"","ocean_post_title_bg_image_attachment":"","ocean_post_title_bg_image_repeat":"","ocean_post_title_bg_image_size":"","ocean_post_title_height":0,"ocean_post_title_bg_overlay":0.5,"ocean_post_title_bg_overlay_color":"","ocean_disable_breadcrumbs":"default","ocean_breadcrumbs_color":"","ocean_breadcrumbs_separator_color":"","ocean_breadcrumbs_links_color":"","ocean_breadcrumbs_links_hover_color":"","ocean_display_footer_widgets":"default","ocean_display_footer_bottom":"default","ocean_custom_footer_template":"","footnotes":""},"class_list":["post-281","page","type-page","status-publish","hentry","entry"],"uagb_featured_image_src":{"full":false,"thumbnail":false,"medium":false,"medium_large":false,"large":false,"1536x1536":false,"2048x2048":false,"ocean-thumb-m":false,"ocean-thumb-ml":false,"ocean-thumb-l":false},"uagb_author_info":{"display_name":"remifa","author_link":"https:\/\/scieriefrancois.com\/index.php\/author\/remifa\/"},"uagb_comment_info":0,"uagb_excerpt":"Produits","_links":{"self":[{"href":"https:\/\/scieriefrancois.com\/index.php\/wp-json\/wp\/v2\/pages\/281","targetHints":{"allow":["GET"]}}],"collection":[{"href":"https:\/\/scieriefrancois.com\/index.php\/wp-json\/wp\/v2\/pages"}],"about":[{"href":"https:\/\/scieriefrancois.com\/index.php\/wp-json\/wp\/v2\/types\/page"}],"author":[{"embeddable":true,"href":"https:\/\/scieriefrancois.com\/index.php\/wp-json\/wp\/v2\/users\/1"}],"replies":[{"embeddable":true,"href":"https:\/\/scieriefrancois.com\/index.php\/wp-json\/wp\/v2\/comments?post=281"}],"version-history":[{"count":41,"href":"https:\/\/scieriefrancois.com\/index.php\/wp-json\/wp\/v2\/pages\/281\/revisions"}],"predecessor-version":[{"id":376,"href":"https:\/\/scieriefrancois.com\/index.php\/wp-json\/wp\/v2\/pages\/281\/revisions\/376"}],"wp:attachment":[{"href":"https:\/\/scieriefrancois.com\/index.php\/wp-json\/wp\/v2\/media?parent=281"}],"curies":[{"name":"wp","href":"https:\/\/api.w.org\/{rel}","templated":true}]}}