{"id":331,"date":"2025-02-13T11:07:23","date_gmt":"2025-02-13T10:07:23","guid":{"rendered":"https:\/\/scieriefrancois.com\/?page_id=331"},"modified":"2025-02-13T11:33:18","modified_gmt":"2025-02-13T10:33:18","slug":"la-scierie","status":"publish","type":"page","link":"https:\/\/scieriefrancois.com\/index.php\/la-scierie\/","title":{"rendered":"La scierie"},"content":{"rendered":"\n<div class=\"wp-block-uagb-container uagb-block-zuswnl6k alignfull uagb-is-root-container\"><div class=\"uagb-container-inner-blocks-wrap\">\n<div class=\"wp-block-uagb-info-box uagb-block-scjhlkqp uagb-infobox__content-wrap  uagb-infobox-icon-above-title uagb-infobox-image-valign-top\"><div class=\"uagb-ifb-content\"><div class=\"uagb-ifb-title-wrap\"><p class=\"uagb-ifb-title-prefix\">Un partenaire de confiance<\/p><h1 class=\"uagb-ifb-title\">La scierie<\/h1><\/div><p class=\"uagb-ifb-desc\"><br>Avec une \u00e9quipe passionn\u00e9e et exp\u00e9riment\u00e9e, la scierie Fran\u00e7ois s&rsquo;engage \u00e0 offrir un service client de qualit\u00e9, en veillant \u00e0 ce que chaque commande soit trait\u00e9e avec soin et attention. Que vous soyez \u00e0 la recherche de bois pour la construction, la d\u00e9coration ou d&rsquo;autres applications, cette scierie est un partenaire de confiance pour tous vos besoins en bois.<\/p><\/div><\/div>\n<\/div><\/div>\n\n\n\n<div class=\"wp-block-uagb-container uagb-block-7048af54 alignfull uagb-is-root-container\"><div class=\"uagb-container-inner-blocks-wrap\">\n<div class=\"wp-block-uagb-container uagb-block-fe84f486\">\n<figure class=\"wp-block-embed is-type-video is-provider-youtube wp-block-embed-youtube wp-embed-aspect-16-9 wp-has-aspect-ratio\"><div class=\"wp-block-embed__wrapper\">\n<p class=\"responsive-video-wrap clr\"><iframe loading=\"lazy\" title=\"Vid\u00e9o Scierie FRANCOIS 2019\" width=\"1200\" height=\"675\" src=\"https:\/\/www.youtube.com\/embed\/8VPzA9kCUcQ?start=21&#038;feature=oembed\" frameborder=\"0\" allow=\"accelerometer; autoplay; clipboard-write; encrypted-media; gyroscope; picture-in-picture; web-share\" referrerpolicy=\"strict-origin-when-cross-origin\" allowfullscreen><\/iframe><\/p>\n<\/div><\/figure>\n<\/div>\n\n\n\n<div class=\"wp-block-uagb-container uagb-block-821894f6\">\n<figure class=\"wp-block-embed is-type-video is-provider-youtube wp-block-embed-youtube wp-embed-aspect-16-9 wp-has-aspect-ratio\"><div class=\"wp-block-embed__wrapper\">\n<p class=\"responsive-video-wrap clr\"><iframe loading=\"lazy\" title=\"D\u00e9doubleur\" width=\"1200\" height=\"675\" src=\"https:\/\/www.youtube.com\/embed\/Tqxmk_6p5hI?feature=oembed\" frameborder=\"0\" allow=\"accelerometer; autoplay; clipboard-write; encrypted-media; gyroscope; picture-in-picture; web-share\" referrerpolicy=\"strict-origin-when-cross-origin\" allowfullscreen><\/iframe><\/p>\n<\/div><\/figure>\n<\/div>\n<\/div><\/div>\n\n\n\n<div class=\"wp-block-uagb-separator uagb-block-0d614787\"><div class=\"wp-block-uagb-separator__inner\" style=\"--my-background-image:\"><\/div><\/div>\n\n\n\n<div class=\"wp-block-uagb-container uagb-block-vgi9cwxk alignfull uagb-is-root-container\"><div class=\"uagb-container-inner-blocks-wrap\">\n<div class=\"wp-block-uagb-info-box uagb-block-hk4dhcty uagb-infobox__content-wrap  uagb-infobox-icon-above-title uagb-infobox-image-valign-top\"><div class=\"uagb-ifb-content\"><div class=\"uagb-ifb-title-wrap\"><h2 class=\"uagb-ifb-title\">Les outils de production<\/h2><\/div><p class=\"uagb-ifb-desc\">Depuis sa cr\u00e9ation, la scierie Fran\u00e7ois a su allier tradition et innovation, en utilisant des techniques modernes tout en respectant les m\u00e9thodes artisanales. Cela lui permet de produire des bois sci\u00e9s qui r\u00e9pondent aux exigences vari\u00e9es de ses clients, qu&rsquo;il s&rsquo;agisse de professionnels du b\u00e2timent, de menuisiers ou de particuliers.<\/p><\/div><\/div>\n\n\n\n<figure class=\"wp-block-coblocks-gallery-masonry masonry-grid has-lightbox has-medium-gutter\">\n<figure class=\"wp-block-image size-large masonry-brick\"><img loading=\"lazy\" decoding=\"async\" width=\"2560\" height=\"1920\" src=\"http:\/\/scieriefrancois.com\/wp-content\/uploads\/2025\/02\/scie-reprise-scaled.jpg\" alt=\"Image gallery image\" class=\"wp-image-338\" srcset=\"https:\/\/scieriefrancois.com\/wp-content\/uploads\/2025\/02\/scie-reprise-scaled.jpg 2560w, https:\/\/scieriefrancois.com\/wp-content\/uploads\/2025\/02\/scie-reprise-300x225.jpg 300w, https:\/\/scieriefrancois.com\/wp-content\/uploads\/2025\/02\/scie-reprise-1024x768.jpg 1024w, https:\/\/scieriefrancois.com\/wp-content\/uploads\/2025\/02\/scie-reprise-768x576.jpg 768w, https:\/\/scieriefrancois.com\/wp-content\/uploads\/2025\/02\/scie-reprise-1536x1152.jpg 1536w, https:\/\/scieriefrancois.com\/wp-content\/uploads\/2025\/02\/scie-reprise-2048x1536.jpg 2048w\" sizes=\"auto, (max-width: 2560px) 100vw, 2560px\" \/><figcaption class=\"wp-element-caption\"><strong>scie reprise<\/strong><\/figcaption><\/figure>\n\n\n\n<figure class=\"wp-block-image size-large masonry-brick\"><img loading=\"lazy\" decoding=\"async\" width=\"2304\" height=\"1728\" src=\"http:\/\/scieriefrancois.com\/wp-content\/uploads\/2025\/02\/scie_paquet.jpg\" alt=\"Image gallery image\" class=\"wp-image-337\" srcset=\"https:\/\/scieriefrancois.com\/wp-content\/uploads\/2025\/02\/scie_paquet.jpg 2304w, https:\/\/scieriefrancois.com\/wp-content\/uploads\/2025\/02\/scie_paquet-300x225.jpg 300w, https:\/\/scieriefrancois.com\/wp-content\/uploads\/2025\/02\/scie_paquet-1024x768.jpg 1024w, https:\/\/scieriefrancois.com\/wp-content\/uploads\/2025\/02\/scie_paquet-768x576.jpg 768w, https:\/\/scieriefrancois.com\/wp-content\/uploads\/2025\/02\/scie_paquet-1536x1152.jpg 1536w, https:\/\/scieriefrancois.com\/wp-content\/uploads\/2025\/02\/scie_paquet-2048x1536.jpg 2048w\" sizes=\"auto, (max-width: 2304px) 100vw, 2304px\" \/><figcaption class=\"wp-element-caption\">scie paquet<\/figcaption><\/figure>\n\n\n\n<figure class=\"wp-block-image size-large masonry-brick\"><img loading=\"lazy\" decoding=\"async\" width=\"760\" height=\"570\" src=\"http:\/\/scieriefrancois.com\/wp-content\/uploads\/2025\/02\/ruban.jpg\" alt=\"Image gallery image\" class=\"wp-image-336\" srcset=\"https:\/\/scieriefrancois.com\/wp-content\/uploads\/2025\/02\/ruban.jpg 760w, https:\/\/scieriefrancois.com\/wp-content\/uploads\/2025\/02\/ruban-300x225.jpg 300w\" sizes=\"auto, (max-width: 760px) 100vw, 760px\" \/><figcaption class=\"wp-element-caption\">Ruban<\/figcaption><\/figure>\n\n\n\n<figure class=\"wp-block-image size-large masonry-brick\"><img loading=\"lazy\" decoding=\"async\" width=\"2304\" height=\"1728\" src=\"http:\/\/scieriefrancois.com\/wp-content\/uploads\/2025\/02\/ecorceuse.jpg\" alt=\"Image gallery image\" class=\"wp-image-335\" srcset=\"https:\/\/scieriefrancois.com\/wp-content\/uploads\/2025\/02\/ecorceuse.jpg 2304w, https:\/\/scieriefrancois.com\/wp-content\/uploads\/2025\/02\/ecorceuse-300x225.jpg 300w, https:\/\/scieriefrancois.com\/wp-content\/uploads\/2025\/02\/ecorceuse-1024x768.jpg 1024w, https:\/\/scieriefrancois.com\/wp-content\/uploads\/2025\/02\/ecorceuse-768x576.jpg 768w, https:\/\/scieriefrancois.com\/wp-content\/uploads\/2025\/02\/ecorceuse-1536x1152.jpg 1536w, https:\/\/scieriefrancois.com\/wp-content\/uploads\/2025\/02\/ecorceuse-2048x1536.jpg 2048w\" sizes=\"auto, (max-width: 2304px) 100vw, 2304px\" \/><figcaption class=\"wp-element-caption\">\u00e9corceuse<\/figcaption><\/figure>\n\n\n\n<figure class=\"wp-block-image size-large masonry-brick\"><img loading=\"lazy\" decoding=\"async\" width=\"2016\" height=\"1512\" src=\"http:\/\/scieriefrancois.com\/wp-content\/uploads\/2025\/02\/deligneuse.jpg\" alt=\"Image gallery image\" class=\"wp-image-334\" srcset=\"https:\/\/scieriefrancois.com\/wp-content\/uploads\/2025\/02\/deligneuse.jpg 2016w, https:\/\/scieriefrancois.com\/wp-content\/uploads\/2025\/02\/deligneuse-300x225.jpg 300w, https:\/\/scieriefrancois.com\/wp-content\/uploads\/2025\/02\/deligneuse-1024x768.jpg 1024w, https:\/\/scieriefrancois.com\/wp-content\/uploads\/2025\/02\/deligneuse-768x576.jpg 768w, https:\/\/scieriefrancois.com\/wp-content\/uploads\/2025\/02\/deligneuse-1536x1152.jpg 1536w\" sizes=\"auto, (max-width: 2016px) 100vw, 2016px\" \/><figcaption class=\"wp-element-caption\">D\u00e9ligneuse<\/figcaption><\/figure>\n\n\n\n<figure class=\"wp-block-image size-large masonry-brick\"><img loading=\"lazy\" decoding=\"async\" width=\"2560\" height=\"1920\" src=\"http:\/\/scieriefrancois.com\/wp-content\/uploads\/2025\/02\/bzh-scaled.jpg\" alt=\"Image gallery image\" class=\"wp-image-333\" srcset=\"https:\/\/scieriefrancois.com\/wp-content\/uploads\/2025\/02\/bzh-scaled.jpg 2560w, https:\/\/scieriefrancois.com\/wp-content\/uploads\/2025\/02\/bzh-300x225.jpg 300w, https:\/\/scieriefrancois.com\/wp-content\/uploads\/2025\/02\/bzh-1024x768.jpg 1024w, https:\/\/scieriefrancois.com\/wp-content\/uploads\/2025\/02\/bzh-768x576.jpg 768w, https:\/\/scieriefrancois.com\/wp-content\/uploads\/2025\/02\/bzh-1536x1152.jpg 1536w, https:\/\/scieriefrancois.com\/wp-content\/uploads\/2025\/02\/bzh-2048x1536.jpg 2048w\" sizes=\"auto, (max-width: 2560px) 100vw, 2560px\" \/><figcaption class=\"wp-element-caption\">BZH<\/figcaption><\/figure>\n<\/figure>\n<\/div><\/div>\n","protected":false},"excerpt":{"rendered":"","protected":false},"author":1,"featured_media":0,"parent":0,"menu_order":0,"comment_status":"closed","ping_status":"closed","template":"","meta":{"_coblocks_attr":"","_coblocks_dimensions":"","_coblocks_responsive_height":"","_coblocks_accordion_ie_support":"","_uag_custom_page_level_css":"","ocean_post_layout":"","ocean_both_sidebars_style":"","ocean_both_sidebars_content_width":0,"ocean_both_sidebars_sidebars_width":0,"ocean_sidebar":"","ocean_second_sidebar":"","ocean_disable_margins":"enable","ocean_add_body_class":"","ocean_shortcode_before_top_bar":"","ocean_shortcode_after_top_bar":"","ocean_shortcode_before_header":"","ocean_shortcode_after_header":"","ocean_has_shortcode":"","ocean_shortcode_after_title":"","ocean_shortcode_before_footer_widgets":"","ocean_shortcode_after_footer_widgets":"","ocean_shortcode_before_footer_bottom":"","ocean_shortcode_after_footer_bottom":"","ocean_display_top_bar":"default","ocean_display_header":"default","ocean_header_style":"","ocean_center_header_left_menu":"","ocean_custom_header_template":"","ocean_custom_logo":0,"ocean_custom_retina_logo":0,"ocean_custom_logo_max_width":0,"ocean_custom_logo_tablet_max_width":0,"ocean_custom_logo_mobile_max_width":0,"ocean_custom_logo_max_height":0,"ocean_custom_logo_tablet_max_height":0,"ocean_custom_logo_mobile_max_height":0,"ocean_header_custom_menu":"","ocean_menu_typo_font_family":"","ocean_menu_typo_font_subset":"","ocean_menu_typo_font_size":0,"ocean_menu_typo_font_size_tablet":0,"ocean_menu_typo_font_size_mobile":0,"ocean_menu_typo_font_size_unit":"px","ocean_menu_typo_font_weight":"","ocean_menu_typo_font_weight_tablet":"","ocean_menu_typo_font_weight_mobile":"","ocean_menu_typo_transform":"","ocean_menu_typo_transform_tablet":"","ocean_menu_typo_transform_mobile":"","ocean_menu_typo_line_height":0,"ocean_menu_typo_line_height_tablet":0,"ocean_menu_typo_line_height_mobile":0,"ocean_menu_typo_line_height_unit":"","ocean_menu_typo_spacing":0,"ocean_menu_typo_spacing_tablet":0,"ocean_menu_typo_spacing_mobile":0,"ocean_menu_typo_spacing_unit":"","ocean_menu_link_color":"","ocean_menu_link_color_hover":"","ocean_menu_link_color_active":"","ocean_menu_link_background":"","ocean_menu_link_hover_background":"","ocean_menu_link_active_background":"","ocean_menu_social_links_bg":"","ocean_menu_social_hover_links_bg":"","ocean_menu_social_links_color":"","ocean_menu_social_hover_links_color":"","ocean_disable_title":"default","ocean_disable_heading":"default","ocean_post_title":"","ocean_post_subheading":"","ocean_post_title_style":"","ocean_post_title_background_color":"","ocean_post_title_background":0,"ocean_post_title_bg_image_position":"","ocean_post_title_bg_image_attachment":"","ocean_post_title_bg_image_repeat":"","ocean_post_title_bg_image_size":"","ocean_post_title_height":0,"ocean_post_title_bg_overlay":0.5,"ocean_post_title_bg_overlay_color":"","ocean_disable_breadcrumbs":"default","ocean_breadcrumbs_color":"","ocean_breadcrumbs_separator_color":"","ocean_breadcrumbs_links_color":"","ocean_breadcrumbs_links_hover_color":"","ocean_display_footer_widgets":"default","ocean_display_footer_bottom":"default","ocean_custom_footer_template":"","footnotes":""},"class_list":["post-331","page","type-page","status-publish","hentry","entry"],"uagb_featured_image_src":{"full":false,"thumbnail":false,"medium":false,"medium_large":false,"large":false,"1536x1536":false,"2048x2048":false,"ocean-thumb-m":false,"ocean-thumb-ml":false,"ocean-thumb-l":false},"uagb_author_info":{"display_name":"remifa","author_link":"https:\/\/scieriefrancois.com\/index.php\/author\/remifa\/"},"uagb_comment_info":0,"uagb_excerpt":null,"_links":{"self":[{"href":"https:\/\/scieriefrancois.com\/index.php\/wp-json\/wp\/v2\/pages\/331","targetHints":{"allow":["GET"]}}],"collection":[{"href":"https:\/\/scieriefrancois.com\/index.php\/wp-json\/wp\/v2\/pages"}],"about":[{"href":"https:\/\/scieriefrancois.com\/index.php\/wp-json\/wp\/v2\/types\/page"}],"author":[{"embeddable":true,"href":"https:\/\/scieriefrancois.com\/index.php\/wp-json\/wp\/v2\/users\/1"}],"replies":[{"embeddable":true,"href":"https:\/\/scieriefrancois.com\/index.php\/wp-json\/wp\/v2\/comments?post=331"}],"version-history":[{"count":15,"href":"https:\/\/scieriefrancois.com\/index.php\/wp-json\/wp\/v2\/pages\/331\/revisions"}],"predecessor-version":[{"id":346,"href":"https:\/\/scieriefrancois.com\/index.php\/wp-json\/wp\/v2\/pages\/331\/revisions\/346"}],"wp:attachment":[{"href":"https:\/\/scieriefrancois.com\/index.php\/wp-json\/wp\/v2\/media?parent=331"}],"curies":[{"name":"wp","href":"https:\/\/api.w.org\/{rel}","templated":true}]}}